{"id":4232,"date":"2022-08-05T09:34:41","date_gmt":"2022-08-05T09:34:41","guid":{"rendered":"https:\/\/the-bee-wax.com\/accueil\/"},"modified":"2024-04-29T20:27:32","modified_gmt":"2024-04-29T20:27:32","slug":"accueil","status":"publish","type":"page","link":"https:\/\/the-bee-wax.com\/de\/","title":{"rendered":"Ce que nous faisons"},"content":{"rendered":"\n[et_pb_section fb_built=&#8220;1&#8243; admin_label=&#8220;section&#8220; _builder_version=&#8220;4.18.0&#8243; custom_margin_tablet=&#8220;&#8220; custom_margin_phone=&#8220;auto||||false|false&#8220; custom_margin_last_edited=&#8220;on|phone&#8220; custom_padding=&#8220;6px||||false|false&#8220; da_disable_devices=&#8220;off|off|off&#8220; global_colors_info=&#8220;{}&#8220; da_is_popup=&#8220;off&#8220; da_exit_intent=&#8220;off&#8220; da_has_close=&#8220;on&#8220; da_alt_close=&#8220;off&#8220; da_dark_close=&#8220;off&#8220; da_not_modal=&#8220;on&#8220; da_is_singular=&#8220;off&#8220; da_with_loader=&#8220;off&#8220; da_has_shadow=&#8220;on&#8220;][et_pb_row column_structure=&#8220;1_2,1_2&#8243; use_custom_gutter=&#8220;on&#8220; gutter_width=&#8220;1&#8243; admin_label=&#8220;row&#8220; _builder_version=&#8220;4.22.2&#8243; background_size=&#8220;initial&#8220; background_position=&#8220;top_left&#8220; background_repeat=&#8220;repeat&#8220; width=&#8220;90%&#8220; max_width=&#8220;1200px&#8220; custom_margin_tablet=&#8220;&#8220; custom_margin_phone=&#8220;auto||0px||false|false&#8220; custom_margin_last_edited=&#8220;on|phone&#8220; custom_padding=&#8220;||0px||false|false&#8220; global_colors_info=&#8220;{}&#8220;][et_pb_column type=&#8220;1_2&#8243; module_class=&#8220;home-header-left&#8220; _builder_version=&#8220;4.22.2&#8243; custom_padding=&#8220;|0px||0px|false|false&#8220; custom_css_main_element=&#8220;z-index: 99&#8243; global_colors_info=&#8220;{}&#8220; custom_padding__hover=&#8220;|||&#8220;][et_pb_text admin_label=&#8220;Text&#8220; _builder_version=&#8220;4.18.1&#8243; text_font_size=&#8220;25px&#8220; header_font=&#8220;|800|||||||&#8220; header_font_size=&#8220;42px&#8220; header_line_height=&#8220;1.3em&#8220; background_size=&#8220;initial&#8220; background_position=&#8220;top_left&#8220; background_repeat=&#8220;repeat&#8220; width=&#8220;110%&#8220; max_width=&#8220;110%&#8220; custom_margin=&#8220;38px||0px||false|false&#8220; custom_padding=&#8220;0px||0px||false|false&#8220; global_colors_info=&#8220;{}&#8220;]<h1>Votre financement<br \/>et gestion<\/h1>[\/et_pb_text][et_pb_text admin_label=&#8220;Text&#8220; _builder_version=&#8220;4.18.1&#8243; text_font=&#8220;Montserrat|300|||||||&#8220; header_2_font=&#8220;|800|||||||&#8220; header_3_font=&#8220;||||||||&#8220; header_3_text_color=&#8220;#ffd059&#8243; header_3_font_size=&#8220;15px&#8220; background_size=&#8220;initial&#8220; background_position=&#8220;top_left&#8220; background_repeat=&#8220;repeat&#8220; background_layout=&#8220;dark&#8220; min_height=&#8220;27px&#8220; custom_margin=&#8220;2px||0px||false|false&#8220; custom_padding=&#8220;0px||0px||false|false&#8220; global_colors_info=&#8220;{}&#8220;]<h3>SAFER &amp; FASTER<\/h3>[\/et_pb_text][et_pb_text admin_label=&#8220;Text&#8220; _builder_version=&#8220;4.18.1&#8243; text_font=&#8220;Montserrat|300|||||||&#8220; text_text_color=&#8220;#000000&#8243; text_font_size=&#8220;20px&#8220; header_2_font=&#8220;|800|||||||&#8220; header_3_font=&#8220;||||||||&#8220; header_3_text_color=&#8220;#ffd059&#8243; header_3_font_size=&#8220;15px&#8220; background_size=&#8220;initial&#8220; background_position=&#8220;top_left&#8220; background_repeat=&#8220;repeat&#8220; background_layout=&#8220;dark&#8220; min_height=&#8220;27px&#8220; custom_margin=&#8220;2px||0px||false|false&#8220; custom_padding=&#8220;0px||0px||false|false&#8220; global_colors_info=&#8220;{}&#8220;]<p style=\"margin-bottom: 0cm; line-height: 100%;\">Encaissez vos clients et payez vos marchandises.<\/p>\n<p style=\"margin-bottom: 0cm; line-height: 100%;\">[\/et_pb_text][et_pb_button button_url=&#8220;https:\/\/calendly.com\/christophesalmon80\/30min&#8220; url_new_window=&#8220;on&#8220; button_text=&#8220;Book a demo&#8220; button_alignment=&#8220;center&#8220; module_class=&#8220;book-demo&#8220; _builder_version=&#8220;4.22.2&#8243; _module_preset=&#8220;default&#8220; custom_button=&#8220;on&#8220; button_text_color=&#8220;#ffffff&#8220; button_bg_color=&#8220;#ffd059&#8243; button_border_color=&#8220;#000000&#8243; button_icon_color=&#8220;#FFFFFF&#8220; hover_enabled=&#8220;0&#8243; global_colors_info=&#8220;{}&#8220; sticky_enabled=&#8220;0&#8243;][\/et_pb_button][\/et_pb_column][et_pb_column type=&#8220;1_2&#8243; _builder_version=&#8220;4.17.6&#8243; custom_padding=&#8220;|0px||0px|false|false&#8220; custom_css_main_element=&#8220;z-index: 1&#8243; global_colors_info=&#8220;{}&#8220; custom_padding__hover=&#8220;|||&#8220;][et_pb_image src=&#8220;https:\/\/the-bee-wax.com\/wp-content\/uploads\/2023\/06\/metiers-2.png&#8220; title_text=&#8220;metiers&#8220; align=&#8220;right&#8220; _builder_version=&#8220;4.18.1&#8243; _module_preset=&#8220;default&#8220; custom_margin=&#8220;0px|0px|0px|0px|false|false&#8220; custom_padding=&#8220;0px|0px|0px|0px|false|false&#8220; global_colors_info=&#8220;{}&#8220;][\/et_pb_image][et_pb_image src=&#8220;https:\/\/the-bee-wax.com\/wp-content\/uploads\/2022\/08\/pylgone-2-1.png&#8220; title_text=&#8220;pylgone-2 1&#8243; disabled_on=&#8220;on|on|off&#8220; module_class=&#8220;polygones&#8220; _builder_version=&#8220;4.18.0&#8243; _module_preset=&#8220;default&#8220; custom_margin=&#8220;0px|0px|0px|0px|false|false&#8220; custom_padding=&#8220;0px|0px|0px|0px|false|false&#8220; global_colors_info=&#8220;{}&#8220;][\/et_pb_image][\/et_pb_column][\/et_pb_row][\/et_pb_section][et_pb_section fb_built=&#8220;1&#8243; module_class=&#8220;part-focus&#8220; _builder_version=&#8220;4.17.6&#8243; _module_preset=&#8220;default&#8220; custom_padding=&#8220;4px||30px|||&#8220; da_disable_devices=&#8220;off|off|off&#8220; global_colors_info=&#8220;{}&#8220; da_is_popup=&#8220;off&#8220; da_exit_intent=&#8220;off&#8220; da_has_close=&#8220;on&#8220; da_alt_close=&#8220;off&#8220; da_dark_close=&#8220;off&#8220; da_not_modal=&#8220;on&#8220; da_is_singular=&#8220;off&#8220; da_with_loader=&#8220;off&#8220; da_has_shadow=&#8220;on&#8220;][\/et_pb_section][et_pb_section fb_built=&#8220;1&#8243; _builder_version=&#8220;4.17.6&#8243; _module_preset=&#8220;default&#8220; background_color=&#8220;#27262b&#8220; da_disable_devices=&#8220;off|off|off&#8220; global_colors_info=&#8220;{}&#8220; da_is_popup=&#8220;off&#8220; da_exit_intent=&#8220;off&#8220; da_has_close=&#8220;on&#8220; da_alt_close=&#8220;off&#8220; da_dark_close=&#8220;off&#8220; da_not_modal=&#8220;on&#8220; da_is_singular=&#8220;off&#8220; da_with_loader=&#8220;off&#8220; da_has_shadow=&#8220;on&#8220;][et_pb_row column_structure=&#8220;3_5,2_5&#8243; make_equal=&#8220;on&#8220; _builder_version=&#8220;4.18.1&#8243; _module_preset=&#8220;default&#8220; width=&#8220;90%&#8220; max_width=&#8220;1200px&#8220; global_colors_info=&#8220;{}&#8220;][et_pb_column type=&#8220;3_5&#8243; _builder_version=&#8220;4.18.1&#8243; _module_preset=&#8220;default&#8220; custom_padding_tablet=&#8220;&#8220; custom_padding_phone=&#8220;||0px||false|false&#8220; custom_padding_last_edited=&#8220;on|phone&#8220; global_colors_info=&#8220;{}&#8220;][et_pb_text _builder_version=&#8220;4.18.1&#8243; _module_preset=&#8220;default&#8220; header_2_font=&#8220;||||||||&#8220; header_2_text_color=&#8220;#FFFFFF&#8220; header_2_font_size=&#8220;22px&#8220; header_2_line_height=&#8220;1.2em&#8220; custom_margin=&#8220;||17px|||&#8220; custom_padding=&#8220;51px|||||&#8220; custom_padding_tablet=&#8220;51px|||||&#8220; custom_padding_phone=&#8220;0px||||false|false&#8220; custom_padding_last_edited=&#8220;on|phone&#8220; global_colors_info=&#8220;{}&#8220;]<h2>Franchises \/ coop\u00e9ratives \/ f\u00e9d\u00e9rations \/ fournisseurs&#8230;<br \/>renforcez votre communaut\u00e9 de commer\u00e7ants\u00a0:<\/h2>[\/et_pb_text][et_pb_text module_class=&#8220;part-focus&#8220; _builder_version=&#8220;4.18.1&#8243; _module_preset=&#8220;default&#8220; text_text_color=&#8220;#FFFFFF&#8220; custom_margin_tablet=&#8220;&#8220; custom_margin_phone=&#8220;||0px||false|false&#8220; custom_margin_last_edited=&#8220;on|phone&#8220; custom_padding=&#8220;||0px||false|false&#8220; global_colors_info=&#8220;{}&#8220;]<table style=\"width: 100%;\" border=\"0\">\n<tbody>\n<tr>\n<td style=\"width: 75%;\">\n<ul>\n\t<li><strong>Conformit\u00e9 juridique des factures digitales\n(obligation l\u00e9gale \u00e0 compter du 01.06.2024) <\/strong><\/li>\n\t<li><strong>D\u00e9lais de paiement jusqu\u2019\u00e0 180 jours<\/strong><\/li>\n<\/ul>\n<\/td>\n<td style=\"width: 25%;\"><a href=\"https:\/\/the-bee-wax.com\/wp-content\/uploads\/2022\/08\/arrow.svg\"><img loading=\"lazy\" decoding=\"async\" src=\"https:\/\/the-bee-wax.com\/wp-content\/uploads\/2023\/06\/arrox.svg\" alt=\"\" class=\"wp-image-147 alignnone size-medium\" style=\"display: block; margin-left: auto; margin-right: auto;\" width=\"153\" height=\"98\" \/><\/a><\/td>\n<\/tr>\n<\/tbody>\n<\/table>[\/et_pb_text][\/et_pb_column][et_pb_column type=&#8220;2_5&#8243; _builder_version=&#8220;4.17.6&#8243; _module_preset=&#8220;default&#8220; global_colors_info=&#8220;{}&#8220;][et_pb_image src=&#8220;https:\/\/the-bee-wax.com\/wp-content\/uploads\/2022\/08\/home-happy.png&#8220; title_text=&#8220;home-happy&#8220; align=&#8220;center&#8220; _builder_version=&#8220;4.18.1&#8243; _module_preset=&#8220;default&#8220; custom_padding=&#8220;20px|20px|20px|20px|true|true&#8220; global_colors_info=&#8220;{}&#8220;][\/et_pb_image][\/et_pb_column][\/et_pb_row][et_pb_row _builder_version=&#8220;4.18.1&#8243; _module_preset=&#8220;default&#8220; custom_padding=&#8220;0px||4px|||&#8220; global_colors_info=&#8220;{}&#8220;][et_pb_column type=&#8220;4_4&#8243; _builder_version=&#8220;4.17.6&#8243; _module_preset=&#8220;default&#8220; global_colors_info=&#8220;{}&#8220;][et_pb_text _builder_version=&#8220;4.18.1&#8243; _module_preset=&#8220;default&#8220; header_2_font=&#8220;|600|||||||&#8220; header_2_font_size=&#8220;32px&#8220; header_2_line_height=&#8220;1.2em&#8220; background_layout=&#8220;dark&#8220; global_colors_info=&#8220;{}&#8220;]<p style=\"text-align: center;\">La communaut\u00e9 s\u00e9lectionne les fournisseurs partenaires et les commer\u00e7ants partenaires pour le r\u00e8glement centralis\u00e9 des paiements.\n<span>Aucun engagement financier &amp; aucun risque financier.<\/span><\/p>[\/et_pb_text][\/et_pb_column][\/et_pb_row][\/et_pb_section][et_pb_section fb_built=&#8220;1&#8243; _builder_version=&#8220;4.17.6&#8243; _module_preset=&#8220;default&#8220; custom_padding=&#8220;24px|||||&#8220; da_disable_devices=&#8220;off|off|off&#8220; global_colors_info=&#8220;{}&#8220; da_is_popup=&#8220;off&#8220; da_exit_intent=&#8220;off&#8220; da_has_close=&#8220;on&#8220; da_alt_close=&#8220;off&#8220; da_dark_close=&#8220;off&#8220; da_not_modal=&#8220;on&#8220; da_is_singular=&#8220;off&#8220; da_with_loader=&#8220;off&#8220; da_has_shadow=&#8220;on&#8220;][et_pb_row _builder_version=&#8220;4.17.6&#8243; _module_preset=&#8220;default&#8220; global_colors_info=&#8220;{}&#8220;][et_pb_column type=&#8220;4_4&#8243; _builder_version=&#8220;4.17.6&#8243; _module_preset=&#8220;default&#8220; global_colors_info=&#8220;{}&#8220;][et_pb_text _builder_version=&#8220;4.18.1&#8243; _module_preset=&#8220;default&#8220; header_2_font=&#8220;|600|||||||&#8220; header_2_font_size=&#8220;32px&#8220; header_2_line_height=&#8220;1.2em&#8220; global_colors_info=&#8220;{}&#8220;]<h2 style=\"text-align: center;\">BEE WAX est une solution cloud pour<\/h2>[\/et_pb_text][\/et_pb_column][\/et_pb_row][et_pb_row column_structure=&#8220;1_2,1_2&#8243; make_equal=&#8220;on&#8220; _builder_version=&#8220;4.18.1&#8243; _module_preset=&#8220;default&#8220; width=&#8220;90%&#8220; max_width=&#8220;1200px&#8220; global_colors_info=&#8220;{}&#8220;][et_pb_column type=&#8220;1_2&#8243; _builder_version=&#8220;4.18.0&#8243; _module_preset=&#8220;default&#8220; custom_padding_tablet=&#8220;&#8220; custom_padding_phone=&#8220;||0px||false|false&#8220; custom_padding_last_edited=&#8220;on|phone&#8220; global_colors_info=&#8220;{}&#8220;][et_pb_text module_class=&#8220;green-bullet&#8220; _builder_version=&#8220;4.18.1&#8243; _module_preset=&#8220;default&#8220; header_2_font=&#8220;|600|||||||&#8220; header_2_text_color=&#8220;#000000&#8243; header_2_font_size=&#8220;22px&#8220; header_2_line_height=&#8220;1.2em&#8220; custom_margin=&#8220;||17px|||&#8220; custom_padding=&#8220;51px|||||&#8220; custom_padding_tablet=&#8220;51px|||||&#8220; custom_padding_phone=&#8220;0px||||false|false&#8220; custom_padding_last_edited=&#8220;on|phone&#8220; global_colors_info=&#8220;{}&#8220;]<h2>G\u00e9rer safer &amp; faster<\/h2>\n<p>&nbsp;<\/p>\n<ul>\n<li>Comptes bancaires, cartes bancaires, virements et TPE<\/li>\n<li>Logiciel de comptabilit\u00e9 N\u00b01 mondial QUICKBOOKS<\/li>\n<li>Assurances dommages et responsabilit\u00e9 civile<\/li>\n<li>En r\u00e9duisant \u00e0 15 mn\/jour avec assistant(e) administratif(ve) d\u00e9di\u00e9(e)<\/li>\n<li>En renfor\u00e7ant la s\u00e9curit\u00e9 avec assistant(e) en gestion de risque d\u00e9di\u00e9(e)<\/li>\n<li>Certification des comptes annuels, assistance et couverture des frais juridique<\/li>\n<\/ul>[\/et_pb_text][\/et_pb_column][et_pb_column type=&#8220;1_2&#8243; _builder_version=&#8220;4.17.6&#8243; _module_preset=&#8220;default&#8220; global_colors_info=&#8220;{}&#8220;][et_pb_image src=&#8220;https:\/\/the-bee-wax.com\/wp-content\/uploads\/2022\/08\/bee-wax-tools.svg&#8220; title_text=&#8220;bee wax &#8211; tools&#8220; align=&#8220;center&#8220; _builder_version=&#8220;4.18.1&#8243; _module_preset=&#8220;default&#8220; max_width=&#8220;500px&#8220; custom_padding=&#8220;20px|20px|20px|20px|true|true&#8220; global_colors_info=&#8220;{}&#8220;][\/et_pb_image][\/et_pb_column][\/et_pb_row][et_pb_row column_structure=&#8220;1_2,1_2&#8243; make_equal=&#8220;on&#8220; _builder_version=&#8220;4.18.1&#8243; _module_preset=&#8220;default&#8220; width=&#8220;90%&#8220; max_width=&#8220;1200px&#8220; global_colors_info=&#8220;{}&#8220;][et_pb_column type=&#8220;1_2&#8243; _builder_version=&#8220;4.18.0&#8243; _module_preset=&#8220;default&#8220; custom_padding_tablet=&#8220;&#8220; custom_padding_phone=&#8220;||0px||false|false&#8220; custom_padding_last_edited=&#8220;on|phone&#8220; global_colors_info=&#8220;{}&#8220;][et_pb_image src=&#8220;https:\/\/the-bee-wax.com\/wp-content\/uploads\/2022\/08\/pylgone-2-1.png&#8220; title_text=&#8220;pylgone-2 1&#8243; disabled_on=&#8220;on|on|off&#8220; module_class=&#8220;polygones-2&#8243; _builder_version=&#8220;4.18.1&#8243; _module_preset=&#8220;default&#8220; custom_margin=&#8220;0px|0px|0px|0px|false|false&#8220; custom_padding=&#8220;0px|0px|0px|0px|false|false&#8220; global_colors_info=&#8220;{}&#8220;][\/et_pb_image][et_pb_image src=&#8220;https:\/\/the-bee-wax.com\/wp-content\/uploads\/2022\/08\/your-simulation.png&#8220; title_text=&#8220;your simulation&#8220; align=&#8220;center&#8220; _builder_version=&#8220;4.18.1&#8243; _module_preset=&#8220;default&#8220; custom_padding=&#8220;20px|20px|20px|20px|true|true&#8220; global_colors_info=&#8220;{}&#8220;][\/et_pb_image][\/et_pb_column][et_pb_column type=&#8220;1_2&#8243; _builder_version=&#8220;4.17.6&#8243; _module_preset=&#8220;default&#8220; global_colors_info=&#8220;{}&#8220;][et_pb_text module_class=&#8220;green-bullet&#8220; _builder_version=&#8220;4.18.1&#8243; _module_preset=&#8220;default&#8220; header_2_font=&#8220;|600|||||||&#8220; header_2_text_color=&#8220;#000000&#8243; header_2_font_size=&#8220;22px&#8220; header_2_line_height=&#8220;1.2em&#8220; custom_margin=&#8220;||17px|||&#8220; custom_padding=&#8220;51px|||||&#8220; custom_padding_tablet=&#8220;51px|||||&#8220; custom_padding_phone=&#8220;0px||||false|false&#8220; custom_padding_last_edited=&#8220;on|phone&#8220; global_colors_info=&#8220;{}&#8220;]<h2>Financer leur achats de marchandises safer &amp; faster<\/h2>\n<p>&nbsp;<\/p>\n<ul>\n<li>En archivant leur factures digitalis\u00e9es et conformes sur une plateforme d\u00e9mat\u00e9rialis\u00e9e partenaire (PDP)<\/li>\n<li>En r\u00e9duisant le contr\u00f4le livraison et r\u00e9clamation \u00e0 10 jours<\/li>\n<li>En regroupant leurs factures fournisseurs par relev\u00e9 \u00e0 10 jours<\/li>\n<li>En leur offrant des conditions de paiement jusqu\u2019\u00e0 <b>10\/30\/60\/90\/120\/150\/180 jours<\/b><\/li>\n<\/ul>[\/et_pb_text][\/et_pb_column][\/et_pb_row][\/et_pb_section][et_pb_section fb_built=&#8220;1&#8243; admin_label=&#8220;Popup &#8211; #live-demo&#8220; module_id=&#8220;live-demo&#8220; module_class=&#8220;popup&#8220; _builder_version=&#8220;4.18.1&#8243; _module_preset=&#8220;default&#8220; max_width=&#8220;1000px&#8220; da_is_popup=&#8220;on&#8220; da_popup_slug=&#8220;live-demo&#8220; da_disable_devices=&#8220;off|off|off&#8220; global_colors_info=&#8220;{}&#8220; da_exit_intent=&#8220;off&#8220; da_has_close=&#8220;on&#8220; da_alt_close=&#8220;off&#8220; da_dark_close=&#8220;off&#8220; da_not_modal=&#8220;on&#8220; da_is_singular=&#8220;off&#8220; da_with_loader=&#8220;off&#8220; da_has_shadow=&#8220;on&#8220;][et_pb_row _builder_version=&#8220;4.18.1&#8243; _module_preset=&#8220;default&#8220; custom_margin=&#8220;0px||0px||true|false&#8220; custom_padding=&#8220;20px|20px|20px|20px|false|false&#8220; global_colors_info=&#8220;{}&#8220;][et_pb_column type=&#8220;4_4&#8243; _builder_version=&#8220;4.18.1&#8243; _module_preset=&#8220;default&#8220; global_colors_info=&#8220;{}&#8220;][et_pb_video src=&#8220;https:\/\/the-bee-wax.com\/wp-content\/uploads\/2023\/06\/Melissa_Papel_Bee_Wax_French-mp4.mp4&#8243; _builder_version=&#8220;4.18.1&#8243; _module_preset=&#8220;default&#8220; global_colors_info=&#8220;{}&#8220;][\/et_pb_video][\/et_pb_column][\/et_pb_row][\/et_pb_section]\n","protected":false},"excerpt":{"rendered":"<p>Votre financementet gestionSAFER &amp; FASTEREncaissez vos clients et payez vos marchandises. Franchises \/ coop\u00e9ratives \/ f\u00e9d\u00e9rations \/ fournisseurs&#8230;renforcez votre communaut\u00e9 de commer\u00e7ants\u00a0: Conformit\u00e9 juridique des factures digitales (obligation l\u00e9gale \u00e0 compter du 01.06.2024) D\u00e9lais de paiement jusqu\u2019\u00e0 180 jours La communaut\u00e9 s\u00e9lectionne les fournisseurs partenaires et les commer\u00e7ants partenaires pour le r\u00e8glement centralis\u00e9 des paiements. [&hellip;]<\/p>\n","protected":false},"author":1,"featured_media":0,"parent":0,"menu_order":0,"comment_status":"closed","ping_status":"closed","template":"","meta":{"_et_pb_use_builder":"on","_et_pb_old_content":"<!-- wp:paragraph -->\n<p>This is an example page. It's different from a blog post because it will stay in one place and will show up in your site navigation (in most themes). Most people start with an About page that introduces them to potential site visitors. It might say something like this:<\/p>\n<!-- \/wp:paragraph -->\n\n<!-- wp:quote -->\n<blockquote class=\"wp-block-quote\"><p>Hi there! I'm a bike messenger by day, aspiring actor by night, and this is my website. I live in Los Angeles, have a great dog named Jack, and I like pi&#241;a coladas. (And gettin' caught in the rain.)<\/p><\/blockquote>\n<!-- \/wp:quote -->\n\n<!-- wp:paragraph -->\n<p>...or something like this:<\/p>\n<!-- \/wp:paragraph -->\n\n<!-- wp:quote -->\n<blockquote class=\"wp-block-quote\"><p>The XYZ Doohickey Company was founded in 1971, and has been providing quality doohickeys to the public ever since. Located in Gotham City, XYZ employs over 2,000 people and does all kinds of awesome things for the Gotham community.<\/p><\/blockquote>\n<!-- \/wp:quote -->\n\n<!-- wp:paragraph -->\n<p>As a new WordPress user, you should go to <a href=\"https:\/\/the-bee-wax.com\/wp-admin\/\">your dashboard<\/a> to delete this page and create new pages for your content. Have fun!<\/p>\n<!-- \/wp:paragraph -->","_et_gb_content_width":"","inline_featured_image":false,"footnotes":""},"class_list":["post-4232","page","type-page","status-publish","hentry"],"_links":{"self":[{"href":"https:\/\/the-bee-wax.com\/de\/wp-json\/wp\/v2\/pages\/4232","targetHints":{"allow":["GET"]}}],"collection":[{"href":"https:\/\/the-bee-wax.com\/de\/wp-json\/wp\/v2\/pages"}],"about":[{"href":"https:\/\/the-bee-wax.com\/de\/wp-json\/wp\/v2\/types\/page"}],"author":[{"embeddable":true,"href":"https:\/\/the-bee-wax.com\/de\/wp-json\/wp\/v2\/users\/1"}],"replies":[{"embeddable":true,"href":"https:\/\/the-bee-wax.com\/de\/wp-json\/wp\/v2\/comments?post=4232"}],"version-history":[{"count":14,"href":"https:\/\/the-bee-wax.com\/de\/wp-json\/wp\/v2\/pages\/4232\/revisions"}],"predecessor-version":[{"id":4308,"href":"https:\/\/the-bee-wax.com\/de\/wp-json\/wp\/v2\/pages\/4232\/revisions\/4308"}],"wp:attachment":[{"href":"https:\/\/the-bee-wax.com\/de\/wp-json\/wp\/v2\/media?parent=4232"}],"curies":[{"name":"wp","href":"https:\/\/api.w.org\/{rel}","templated":true}]}}