{"id":4244,"date":"2022-08-05T14:25:12","date_gmt":"2022-08-05T14:25:12","guid":{"rendered":"https:\/\/the-bee-wax.com\/suppliers\/"},"modified":"2024-01-19T10:27:34","modified_gmt":"2024-01-19T10:27:34","slug":"suppliers","status":"publish","type":"page","link":"https:\/\/the-bee-wax.com\/de\/suppliers\/","title":{"rendered":"Fournisseurs"},"content":{"rendered":"<p>[et_pb_section fb_built=&#8220;1&#8243; custom_padding_last_edited=&#8220;on|phone&#8220; admin_label=&#8220;section&#8220; _builder_version=&#8220;4.18.0&#8243; custom_margin_tablet=&#8220;&#8220; custom_margin_phone=&#8220;auto||||false|false&#8220; custom_margin_last_edited=&#8220;on|phone&#8220; custom_padding=&#8220;||||false|false&#8220; custom_padding_tablet=&#8220;||||false|false&#8220; custom_padding_phone=&#8220;||||false|false&#8220; da_disable_devices=&#8220;off|off|off&#8220; global_colors_info=&#8220;{}&#8220; da_is_popup=&#8220;off&#8220; da_exit_intent=&#8220;off&#8220; da_has_close=&#8220;on&#8220; da_alt_close=&#8220;off&#8220; da_dark_close=&#8220;off&#8220; da_not_modal=&#8220;on&#8220; da_is_singular=&#8220;off&#8220; da_with_loader=&#8220;off&#8220; da_has_shadow=&#8220;on&#8220;][et_pb_row column_structure=&#8220;3_5,2_5&#8243; admin_label=&#8220;row&#8220; _builder_version=&#8220;4.18.0&#8243; background_size=&#8220;initial&#8220; background_position=&#8220;top_left&#8220; background_repeat=&#8220;repeat&#8220; custom_margin_tablet=&#8220;&#8220; custom_margin_phone=&#8220;0px||||false|false&#8220; custom_margin_last_edited=&#8220;on|phone&#8220; custom_padding=&#8220;0px||||false|false&#8220; custom_css_main_element=&#8220;   \/* display: flex;||    align-items: center;||    justify-content: center;*\/&#8220; global_colors_info=&#8220;{}&#8220;][et_pb_column type=&#8220;3_5&#8243; _builder_version=&#8220;4.16&#8243; custom_padding=&#8220;|||&#8220; global_colors_info=&#8220;{}&#8220; custom_padding__hover=&#8220;|||&#8220;][et_pb_text admin_label=&#8220;Text&#8220; _builder_version=&#8220;4.18.0&#8243; text_font=&#8220;Montserrat|300|||||||&#8220; header_2_font=&#8220;|800|||||||&#8220; header_3_font=&#8220;||||||||&#8220; header_3_text_color=&#8220;#ffd059&#8243; header_3_font_size=&#8220;15px&#8220; background_size=&#8220;initial&#8220; background_position=&#8220;top_left&#8220; background_repeat=&#8220;repeat&#8220; background_layout=&#8220;dark&#8220; custom_margin=&#8220;0px||0px||false|false&#8220; custom_padding=&#8220;0px||10px||false|false&#8220; global_colors_info=&#8220;{}&#8220;]<\/p>\n<h3>SAFER &amp; FASTER<\/h3>\n<p>[\/et_pb_text][et_pb_text admin_label=&#8220;Text&#8220; _builder_version=&#8220;4.22.2&#8243; text_font_size=&#8220;55px&#8220; header_font=&#8220;|700|||||||&#8220; header_text_color=&#8220;#27262b&#8220; header_font_size=&#8220;55px&#8220; background_size=&#8220;initial&#8220; background_position=&#8220;top_left&#8220; background_repeat=&#8220;repeat&#8220; custom_margin=&#8220;-10px||0px||false|false&#8220; custom_padding=&#8220;0px||0px||false|false&#8220; header_line_height_tablet=&#8220;&#8220; header_line_height_phone=&#8220;&#8220; header_line_height_last_edited=&#8220;on|desktop&#8220; global_colors_info=&#8220;{}&#8220;]<\/p>\n<h1>Unsere Lieferanten<\/h1>\n<p>[\/et_pb_text][et_pb_text _builder_version=&#8220;4.22.2&#8243; _module_preset=&#8220;default&#8220; global_colors_info=&#8220;{}&#8220;]Automatisieren Sie Ihren administrativen Prozess und beschleunigen Sie Ihre Zahlungen. Konzentrieren Sie sich mit Einzelh\u00e4ndlern auf Ihre gesch\u00e4ftliche Seite.[\/et_pb_text][et_pb_text _builder_version=&#8220;4.22.2&#8243; _module_preset=&#8220;default&#8220; global_colors_info=&#8220;{}&#8220;]Wir ziehen 1,5%* (exkl. MwSt.) von Ihren Rechnungen (inkl. MwSt.) auf Ihre 10-Tage-Kontoausz\u00fcge ab, die innerhalb von 13 Tagen bezahlt werden.[\/et_pb_text][\/et_pb_column][et_pb_column type=&#8220;2_5&#8243; _builder_version=&#8220;4.16&#8243; custom_padding=&#8220;|||&#8220; global_colors_info=&#8220;{}&#8220; custom_padding__hover=&#8220;|||&#8220;][et_pb_image src=&#8220;https:\/\/the-bee-wax.com\/wp-content\/uploads\/2022\/08\/supplier.png&#8220; title_text=&#8220;supplier&#8220; _builder_version=&#8220;4.18.0&#8243; _module_preset=&#8220;default&#8220; global_colors_info=&#8220;{}&#8220;][\/et_pb_image][\/et_pb_column][\/et_pb_row][\/et_pb_section][et_pb_section fb_built=&#8220;1&#8243; _builder_version=&#8220;4.17.6&#8243; _module_preset=&#8220;default&#8220; background_color=&#8220;#27262b&#8220; da_disable_devices=&#8220;off|off|off&#8220; global_colors_info=&#8220;{}&#8220; da_is_popup=&#8220;off&#8220; da_exit_intent=&#8220;off&#8220; da_has_close=&#8220;on&#8220; da_alt_close=&#8220;off&#8220; da_dark_close=&#8220;off&#8220; da_not_modal=&#8220;on&#8220; da_is_singular=&#8220;off&#8220; da_with_loader=&#8220;off&#8220; da_has_shadow=&#8220;on&#8220;][et_pb_row _builder_version=&#8220;4.17.6&#8243; _module_preset=&#8220;default&#8220; max_width=&#8220;100%&#8220; custom_margin=&#8220;|0px||0px|false|false&#8220; custom_padding=&#8220;|0px||0px|false|false&#8220; custom_css_main_element=&#8220;position: absolute;||bottom: -200px;||z-index: 1;&#8220; global_colors_info=&#8220;{}&#8220;][et_pb_column type=&#8220;4_4&#8243; _builder_version=&#8220;4.17.6&#8243; _module_preset=&#8220;default&#8220; global_colors_info=&#8220;{}&#8220;][et_pb_image src=&#8220;https:\/\/the-bee-wax.com\/wp-content\/uploads\/2022\/08\/alveole.png&#8220; title_text=&#8220;alveole&#8220; _builder_version=&#8220;4.17.6&#8243; _module_preset=&#8220;default&#8220; global_colors_info=&#8220;{}&#8220;][\/et_pb_image][\/et_pb_column][\/et_pb_row][et_pb_row column_structure=&#8220;1_2,1_2&#8243; _builder_version=&#8220;4.18.0&#8243; _module_preset=&#8220;default&#8220; global_colors_info=&#8220;{}&#8220;][et_pb_column type=&#8220;1_2&#8243; _builder_version=&#8220;4.17.6&#8243; _module_preset=&#8220;default&#8220; global_colors_info=&#8220;{}&#8220;][et_pb_text _builder_version=&#8220;4.22.2&#8243; _module_preset=&#8220;default&#8220; text_text_color=&#8220;#FFFFFF&#8220; text_line_height=&#8220;1.8em&#8220; hover_enabled=&#8220;0&#8243; global_colors_info=&#8220;{}&#8220; sticky_enabled=&#8220;0&#8243;]<\/p>\n<p><span>&#8211; Lieferantenpartner m\u00fcssen jeden Buchhaltungsbeleg (Rechnung\/Gutschrift\/Rechnungsstornierung) entweder automatisch oder manuell an BEE WAX senden.<\/span><\/p>\n<p>&#8211; Buchhaltungsunterlagen werden legal digital archiviert.<\/p>\n<p>&#8211; Die 100% uneingeschr\u00e4nkte Garantie f\u00fcr Partnermitglieder wird ohne jegliche Bedingungen garantiert<\/p>\n<p>&#8211; Wiederkehrende K\u00e4ufe und Akquise f\u00fcr Mitglieder auf einem B2B Marktplatz (ab 300 Mitgliedern)<\/p>\n<p style=\"font-size: 10px; color: white; line-height: normal;\">* unter der Voraussetzung, dass der Lieferant seinen Kunden<br \/>oder Wettbewerbern keine \u00fcberlegenen Konditionen gew\u00e4hrt<\/p>\n<p>[\/et_pb_text][\/et_pb_column][et_pb_column type=&#8220;1_2&#8243; _builder_version=&#8220;4.17.6&#8243; _module_preset=&#8220;default&#8220; custom_css_main_element=&#8220;position:absolute;||right: 0;|| top: -95px;&#8220; global_colors_info=&#8220;{}&#8220;][et_pb_image src=&#8220;https:\/\/the-bee-wax.com\/wp-content\/uploads\/2022\/08\/credit-card-data-security-unlock-payment-shopping-online-smartphone-1.png&#8220; title_text=&#8220;Payment Security&#8220; _builder_version=&#8220;4.17.6&#8243; _module_preset=&#8220;default&#8220; custom_margin=&#8220;||||false|false&#8220; animation_style=&#8220;fade&#8220; global_colors_info=&#8220;{}&#8220;][\/et_pb_image][\/et_pb_column][\/et_pb_row][\/et_pb_section][et_pb_section fb_built=&#8220;1&#8243; _builder_version=&#8220;4.17.6&#8243; _module_preset=&#8220;default&#8220; custom_padding=&#8220;80px||||false|false&#8220; da_disable_devices=&#8220;off|off|off&#8220; global_colors_info=&#8220;{}&#8220; da_is_popup=&#8220;off&#8220; da_exit_intent=&#8220;off&#8220; da_has_close=&#8220;on&#8220; da_alt_close=&#8220;off&#8220; da_dark_close=&#8220;off&#8220; da_not_modal=&#8220;on&#8220; da_is_singular=&#8220;off&#8220; da_with_loader=&#8220;off&#8220; da_has_shadow=&#8220;on&#8220;][et_pb_row column_structure=&#8220;1_3,1_3,1_3&#8243; use_custom_gutter=&#8220;on&#8220; gutter_width=&#8220;2&#8243; make_equal=&#8220;on&#8220; _builder_version=&#8220;4.17.6&#8243; _module_preset=&#8220;default&#8220; background_size=&#8220;contain&#8220; max_width=&#8220;900px&#8220; module_alignment=&#8220;center&#8220; animation_style=&#8220;fade&#8220; global_colors_info=&#8220;{}&#8220;][et_pb_column type=&#8220;1_3&#8243; _builder_version=&#8220;4.17.6&#8243; _module_preset=&#8220;default&#8220; background_image=&#8220;https:\/\/the-bee-wax.com\/wp-content\/uploads\/2022\/08\/polygone.svg&#8220; background_size=&#8220;stretch&#8220; custom_padding=&#8220;60px||60px||true|false&#8220; global_colors_info=&#8220;{}&#8220;][et_pb_image src=&#8220;https:\/\/the-bee-wax.com\/wp-content\/uploads\/2022\/08\/conforme-1.png&#8220; title_text=&#8220;conforme 1&#8243; align=&#8220;center&#8220; _builder_version=&#8220;4.17.6&#8243; _module_preset=&#8220;default&#8220; max_width=&#8220;100px&#8220; global_colors_info=&#8220;{}&#8220;][\/et_pb_image][et_pb_text _builder_version=&#8220;4.22.2&#8243; _module_preset=&#8220;default&#8220; text_orientation=&#8220;center&#8220; max_width=&#8220;260px&#8220; module_alignment=&#8220;center&#8220; min_height=&#8220;100px&#8220; custom_margin=&#8220;||||false|false&#8220; custom_padding=&#8220;|10px||10px|false|true&#8220; global_colors_info=&#8220;{}&#8220;]<\/p>\n<p><span data-metadata=\"&lt;!--(figmeta)eyJmaWxlS2V5IjoiN2lubDV1dXNkNHNhaFJEM05Mek5DYSIsInBhc3RlSUQiOjUwNzExOTQyMSwiZGF0YVR5cGUiOiJzY2VuZSJ9Cg==(\/figmeta)--&gt;\"><\/span><span>Lieferkontrolle und Reklamationsabwicklung innerhalb von 10 Tagen. Dann eine Zahlung alle 10 Tage f\u00fcr alle Mitglieder<\/span><\/p>\n<p>[\/et_pb_text][\/et_pb_column][et_pb_column type=&#8220;1_3&#8243; _builder_version=&#8220;4.17.6&#8243; _module_preset=&#8220;default&#8220; background_image=&#8220;https:\/\/the-bee-wax.com\/wp-content\/uploads\/2022\/08\/polygone.svg&#8220; background_size=&#8220;stretch&#8220; custom_padding=&#8220;60px||60px||true|false&#8220; global_colors_info=&#8220;{}&#8220;][et_pb_image src=&#8220;https:\/\/the-bee-wax.com\/wp-content\/uploads\/2022\/08\/protection-1-1.png&#8220; title_text=&#8220;protection 1&#8243; align=&#8220;center&#8220; _builder_version=&#8220;4.17.6&#8243; _module_preset=&#8220;default&#8220; max_width=&#8220;100px&#8220; global_colors_info=&#8220;{}&#8220;][\/et_pb_image][et_pb_text _builder_version=&#8220;4.22.2&#8243; _module_preset=&#8220;default&#8220; text_orientation=&#8220;center&#8220; max_width=&#8220;260px&#8220; module_alignment=&#8220;center&#8220; min_height=&#8220;100px&#8220; custom_margin=&#8220;||||false|false&#8220; custom_padding=&#8220;|10px||10px|false|false&#8220; global_colors_info=&#8220;{}&#8220;]<\/p>\n<p><span data-metadata=\"&lt;!--(figmeta)eyJmaWxlS2V5IjoiN2lubDV1dXNkNHNhaFJEM05Mek5DYSIsInBhc3RlSUQiOjg4Nzk5NjE3NywiZGF0YVR5cGUiOiJzY2VuZSJ9Cg==(\/figmeta)--&gt;\"><\/span><span>Lieferantenpartner eliminieren Risikomanagement (Mahnungen\/Kreditversicherung\/Inkasso)<\/span><\/p>\n<p>[\/et_pb_text][\/et_pb_column][et_pb_column type=&#8220;1_3&#8243; _builder_version=&#8220;4.17.6&#8243; _module_preset=&#8220;default&#8220; background_image=&#8220;https:\/\/the-bee-wax.com\/wp-content\/uploads\/2022\/08\/polygone.svg&#8220; background_size=&#8220;stretch&#8220; custom_padding=&#8220;60px||60px||true|false&#8220; global_colors_info=&#8220;{}&#8220;][et_pb_image src=&#8220;https:\/\/the-bee-wax.com\/wp-content\/uploads\/2022\/08\/Bb-marketing.png&#8220; title_text=&#8220;Bb marketing&#8220; align=&#8220;center&#8220; _builder_version=&#8220;4.17.6&#8243; _module_preset=&#8220;default&#8220; max_width=&#8220;100px&#8220; global_colors_info=&#8220;{}&#8220;][\/et_pb_image][et_pb_text _builder_version=&#8220;4.22.2&#8243; _module_preset=&#8220;default&#8220; text_orientation=&#8220;center&#8220; max_width=&#8220;260px&#8220; module_alignment=&#8220;center&#8220; min_height=&#8220;100px&#8220; custom_padding=&#8220;|10px||10px|false|false&#8220; global_colors_info=&#8220;{}&#8220;]<\/p>\n<p><span>Wiederkehrende Bestellungen und Akquise f\u00fcr Mitglieder auf einem B2B-Marktplatz<\/span><\/p>\n<p>[\/et_pb_text][\/et_pb_column][\/et_pb_row][\/et_pb_section]<\/p>\n","protected":false},"excerpt":{"rendered":"<p>SAFER &amp; FASTERUnsere LieferantenAutomatisieren Sie Ihren administrativen Prozess und beschleunigen Sie Ihre Zahlungen. Konzentrieren Sie sich mit Einzelh\u00e4ndlern auf Ihre gesch\u00e4ftliche Seite.Wir ziehen 1,5%* (exkl. MwSt.) von Ihren Rechnungen (inkl. MwSt.) auf Ihre 10-Tage-Kontoausz\u00fcge ab, die innerhalb von 13 Tagen bezahlt werden.- Lieferantenpartner m\u00fcssen jeden Buchhaltungsbeleg (Rechnung\/Gutschrift\/Rechnungsstornierung) entweder automatisch oder manuell an BEE WAX senden. [&hellip;]<\/p>\n","protected":false},"author":1,"featured_media":0,"parent":0,"menu_order":0,"comment_status":"closed","ping_status":"closed","template":"","meta":{"_et_pb_use_builder":"on","_et_pb_old_content":"<!-- wp:divi\/placeholder \/-->","_et_gb_content_width":"","inline_featured_image":false,"footnotes":""},"class_list":["post-4244","page","type-page","status-publish","hentry"],"_links":{"self":[{"href":"https:\/\/the-bee-wax.com\/de\/wp-json\/wp\/v2\/pages\/4244","targetHints":{"allow":["GET"]}}],"collection":[{"href":"https:\/\/the-bee-wax.com\/de\/wp-json\/wp\/v2\/pages"}],"about":[{"href":"https:\/\/the-bee-wax.com\/de\/wp-json\/wp\/v2\/types\/page"}],"author":[{"embeddable":true,"href":"https:\/\/the-bee-wax.com\/de\/wp-json\/wp\/v2\/users\/1"}],"replies":[{"embeddable":true,"href":"https:\/\/the-bee-wax.com\/de\/wp-json\/wp\/v2\/comments?post=4244"}],"version-history":[{"count":4,"href":"https:\/\/the-bee-wax.com\/de\/wp-json\/wp\/v2\/pages\/4244\/revisions"}],"predecessor-version":[{"id":4275,"href":"https:\/\/the-bee-wax.com\/de\/wp-json\/wp\/v2\/pages\/4244\/revisions\/4275"}],"wp:attachment":[{"href":"https:\/\/the-bee-wax.com\/de\/wp-json\/wp\/v2\/media?parent=4244"}],"curies":[{"name":"wp","href":"https:\/\/api.w.org\/{rel}","templated":true}]}}